{"id":2525,"date":"2023-07-04T19:31:30","date_gmt":"2023-07-04T19:31:30","guid":{"rendered":"https:\/\/na-ramenima-divova.com\/?page_id=2525"},"modified":"2023-11-15T00:43:20","modified_gmt":"2023-11-15T00:43:20","slug":"fakin-limited-edition","status":"publish","type":"page","link":"https:\/\/fakinwines.com\/en\/fakin-limited-edition\/","title":{"rendered":"Fakin Limited Edition"},"content":{"rendered":"<div data-elementor-type=\"wp-post\" data-elementor-id=\"2525\" class=\"elementor elementor-2525\">\n\t\t\t\t\t\t<section class=\"elementor-section elementor-top-section elementor-element elementor-element-huy4ujc elementor-section-boxed elementor-section-height-default elementor-section-height-default\" data-id=\"huy4ujc\" data-element_type=\"section\" data-e-type=\"section\" data-settings=\"{&quot;background_background&quot;:&quot;classic&quot;}\">\n\t\t\t\t\t\t\t<div class=\"elementor-background-overlay\"><\/div>\n\t\t\t\t\t\t\t<div class=\"elementor-container elementor-column-gap-default\">\n\t\t\t\t\t<div class=\"elementor-column elementor-col-100 elementor-top-column elementor-element elementor-element-rrwhbp8\" data-id=\"rrwhbp8\" data-element_type=\"column\" data-e-type=\"column\">\n\t\t\t<div class=\"elementor-widget-wrap elementor-element-populated\">\n\t\t\t\t\t\t<div class=\"elementor-element elementor-element-4df77fd elementor-invisible elementor-widget elementor-widget-text-editor\" data-id=\"4df77fd\" data-element_type=\"widget\" data-e-type=\"widget\" data-settings=\"{&quot;_animation&quot;:&quot;fadeInLeft&quot;,&quot;_animation_delay&quot;:250}\" data-widget_type=\"text-editor.default\">\n\t\t\t\t<div class=\"elementor-widget-container\">\n\t\t\t\t\t\t\t\t\t<p>Flavors that Bring Tradition to Life<\/p>\t\t\t\t\t\t\t\t<\/div>\n\t\t\t\t<\/div>\n\t\t\t\t<div class=\"elementor-element elementor-element-326e367 elementor-invisible elementor-widget elementor-widget-heading\" data-id=\"326e367\" data-element_type=\"widget\" data-e-type=\"widget\" data-settings=\"{&quot;_animation&quot;:&quot;fadeInUp&quot;}\" data-widget_type=\"heading.default\">\n\t\t\t\t<div class=\"elementor-widget-container\">\n\t\t\t\t\t<h1 class=\"elementor-heading-title elementor-size-default\">FAKIN LIMITED EDITION<\/h1>\t\t\t\t<\/div>\n\t\t\t\t<\/div>\n\t\t\t\t<section class=\"elementor-section elementor-inner-section elementor-element elementor-element-55tf40p elementor-section-full_width elementor-section-height-default elementor-section-height-default\" data-id=\"55tf40p\" data-element_type=\"section\" data-e-type=\"section\">\n\t\t\t\t\t\t<div class=\"elementor-container elementor-column-gap-wide\">\n\t\t\t\t\t<div class=\"elementor-column elementor-col-100 elementor-inner-column elementor-element elementor-element-nf5ybgo\" data-id=\"nf5ybgo\" data-element_type=\"column\" data-e-type=\"column\">\n\t\t\t<div class=\"elementor-widget-wrap elementor-element-populated\">\n\t\t\t\t\t\t<div class=\"elementor-element elementor-element-rssa9me elementor-invisible elementor-widget elementor-widget-text-editor\" data-id=\"rssa9me\" data-element_type=\"widget\" data-e-type=\"widget\" data-settings=\"{&quot;_animation&quot;:&quot;fadeInLeft&quot;,&quot;_animation_delay&quot;:250}\" data-widget_type=\"text-editor.default\">\n\t\t\t\t<div class=\"elementor-widget-container\">\n\t\t\t\t\t\t\t\t\t<p>A collection of wines bearing the distinctive signature of Fakin Winery. Each wine in this timeless collection has its authentic character and unique qualities that make it truly one-of-a-kind. These wines are crafted with care and passion for viticulture, using modern techniques and traditional values. Fakin Limited Edition represents a range of wines that will satisfy even the most discerning palates, providing a unique wine experience and enjoyment of the aromas and flavors of Istria.<\/p>\t\t\t\t\t\t\t\t<\/div>\n\t\t\t\t<\/div>\n\t\t\t\t\t<\/div>\n\t\t<\/div>\n\t\t\t\t\t<\/div>\n\t\t<\/section>\n\t\t\t\t\t<\/div>\n\t\t<\/div>\n\t\t\t\t\t<\/div>\n\t\t<\/section>\n\t\t\t\t<section class=\"elementor-section elementor-top-section elementor-element elementor-element-85bf0d2 elementor-section-full_width elementor-section-height-default elementor-section-height-default\" data-id=\"85bf0d2\" data-element_type=\"section\" data-e-type=\"section\">\n\t\t\t\t\t\t\t<div class=\"elementor-background-overlay\"><\/div>\n\t\t\t\t\t\t\t<div class=\"elementor-container elementor-column-gap-default\">\n\t\t\t\t\t<div class=\"elementor-column elementor-col-100 elementor-top-column elementor-element elementor-element-070d401\" data-id=\"070d401\" data-element_type=\"column\" data-e-type=\"column\">\n\t\t\t<div class=\"elementor-widget-wrap elementor-element-populated\">\n\t\t\t\t\t\t<section class=\"elementor-section elementor-inner-section elementor-element elementor-element-0c73fd1 elementor-section-content-middle elementor-section-full_width elementor-reverse-mobile elementor-section-height-default elementor-section-height-default\" data-id=\"0c73fd1\" data-element_type=\"section\" data-e-type=\"section\">\n\t\t\t\t\t\t<div class=\"elementor-container elementor-column-gap-default\">\n\t\t\t\t\t<div class=\"elementor-column elementor-col-50 elementor-inner-column elementor-element elementor-element-6fc138c\" data-id=\"6fc138c\" data-element_type=\"column\" data-e-type=\"column\" data-settings=\"{&quot;background_background&quot;:&quot;classic&quot;}\">\n\t\t\t<div class=\"elementor-widget-wrap elementor-element-populated\">\n\t\t\t\t\t\t<div class=\"elementor-element elementor-element-a897279 elementor-widget elementor-widget-heading\" data-id=\"a897279\" data-element_type=\"widget\" data-e-type=\"widget\" data-widget_type=\"heading.default\">\n\t\t\t\t<div class=\"elementor-widget-container\">\n\t\t\t\t\t<h2 class=\"elementor-heading-title elementor-size-default\">FAKIN TERAN MICHEL<\/h2>\t\t\t\t<\/div>\n\t\t\t\t<\/div>\n\t\t\t\t<div class=\"elementor-element elementor-element-e928fc5 elementor-widget-divider--view-line elementor-widget elementor-widget-divider\" data-id=\"e928fc5\" data-element_type=\"widget\" data-e-type=\"widget\" data-widget_type=\"divider.default\">\n\t\t\t\t<div class=\"elementor-widget-container\">\n\t\t\t\t\t\t\t<div class=\"elementor-divider\">\n\t\t\t<span class=\"elementor-divider-separator\">\n\t\t\t\t\t\t<\/span>\n\t\t<\/div>\n\t\t\t\t\t\t<\/div>\n\t\t\t\t<\/div>\n\t\t\t\t<div class=\"elementor-element elementor-element-72a6fc6 elementor-widget elementor-widget-text-editor\" data-id=\"72a6fc6\" data-element_type=\"widget\" data-e-type=\"widget\" data-widget_type=\"text-editor.default\">\n\t\t\t\t<div class=\"elementor-widget-container\">\n\t\t\t\t\t\t\t\t\t<p>Teran Michel is a premium, aged Teran in the style of Amarone wines, featuring pronounced flavors of plum and dark fruit derived from grapes dried on the vine or on grassy surfaces. This indigenous variety has positioned Istria as a respected wine region, with Michel standing out as a unique and timeless wine in the Istrian wine portfolio.<\/p><p>This rich and expressive wine distinguishes itself from other Terans with a higher alcohol concentration, yet an absolute balance between 16.5% alcohol, 12 grams of residual sugar, and high freshness that ensures exceptional balance and sophistication.<\/p><p>Its powerful and adventurous character is the result of 12 months of maceration in amphorae and 12 months of aging in oak barrels, turning the enjoyment of this wine into an invaluable moment of pure personal pleasure.<\/p>\t\t\t\t\t\t\t\t<\/div>\n\t\t\t\t<\/div>\n\t\t\t\t<div class=\"elementor-element elementor-element-60b5edf elementor-align-left elementor-widget elementor-widget-button\" data-id=\"60b5edf\" data-element_type=\"widget\" data-e-type=\"widget\" data-widget_type=\"button.default\">\n\t\t\t\t<div class=\"elementor-widget-container\">\n\t\t\t\t\t\t\t\t\t<div class=\"elementor-button-wrapper\">\n\t\t\t\t\t<a class=\"elementor-button elementor-button-link elementor-size-md\" href=\"https:\/\/shop.fakinwines.com\/teran-michel\/\">\n\t\t\t\t\t\t<span class=\"elementor-button-content-wrapper\">\n\t\t\t\t\t\t\t\t\t<span class=\"elementor-button-text\">Buy<\/span>\n\t\t\t\t\t<\/span>\n\t\t\t\t\t<\/a>\n\t\t\t\t<\/div>\n\t\t\t\t\t\t\t\t<\/div>\n\t\t\t\t<\/div>\n\t\t\t\t\t<\/div>\n\t\t<\/div>\n\t\t\t\t<div class=\"elementor-column elementor-col-50 elementor-inner-column elementor-element elementor-element-1e0ae21\" data-id=\"1e0ae21\" data-element_type=\"column\" data-e-type=\"column\" data-settings=\"{&quot;background_background&quot;:&quot;classic&quot;}\">\n\t\t\t<div class=\"elementor-widget-wrap elementor-element-populated\">\n\t\t\t\t\t\t<div class=\"elementor-element elementor-element-88a99be elementor-widget elementor-widget-image\" data-id=\"88a99be\" data-element_type=\"widget\" data-e-type=\"widget\" data-widget_type=\"image.default\">\n\t\t\t\t<div class=\"elementor-widget-container\">\n\t\t\t\t\t\t\t\t\t\t\t\t\t\t\t<img fetchpriority=\"high\" decoding=\"async\" width=\"985\" height=\"2560\" src=\"https:\/\/fakinwines.com\/wp-content\/uploads\/2023\/11\/Fakin-Wines-Michel-scaled.jpg\" class=\"attachment-full size-full wp-image-3536\" alt=\"Fakin Wines Michel\" srcset=\"https:\/\/fakinwines.com\/wp-content\/uploads\/2023\/11\/Fakin-Wines-Michel-scaled.jpg 985w, https:\/\/fakinwines.com\/wp-content\/uploads\/2023\/11\/Fakin-Wines-Michel-115x300.jpg 115w, https:\/\/fakinwines.com\/wp-content\/uploads\/2023\/11\/Fakin-Wines-Michel-394x1024.jpg 394w, https:\/\/fakinwines.com\/wp-content\/uploads\/2023\/11\/Fakin-Wines-Michel-768x1995.jpg 768w, https:\/\/fakinwines.com\/wp-content\/uploads\/2023\/11\/Fakin-Wines-Michel-591x1536.jpg 591w, https:\/\/fakinwines.com\/wp-content\/uploads\/2023\/11\/Fakin-Wines-Michel-788x2048.jpg 788w\" sizes=\"(max-width: 985px) 100vw, 985px\" \/>\t\t\t\t\t\t\t\t\t\t\t\t\t\t\t<\/div>\n\t\t\t\t<\/div>\n\t\t\t\t\t<\/div>\n\t\t<\/div>\n\t\t\t\t\t<\/div>\n\t\t<\/section>\n\t\t\t\t\t<\/div>\n\t\t<\/div>\n\t\t\t\t\t<\/div>\n\t\t<\/section>\n\t\t\t\t<section class=\"elementor-section elementor-top-section elementor-element elementor-element-c1fbe86 elementor-section-full_width elementor-section-height-default elementor-section-height-default\" data-id=\"c1fbe86\" data-element_type=\"section\" data-e-type=\"section\">\n\t\t\t\t\t\t\t<div class=\"elementor-background-overlay\"><\/div>\n\t\t\t\t\t\t\t<div class=\"elementor-container elementor-column-gap-default\">\n\t\t\t\t\t<div class=\"elementor-column elementor-col-100 elementor-top-column elementor-element elementor-element-34e0671\" data-id=\"34e0671\" data-element_type=\"column\" data-e-type=\"column\">\n\t\t\t<div class=\"elementor-widget-wrap elementor-element-populated\">\n\t\t\t\t\t\t<section class=\"elementor-section elementor-inner-section elementor-element elementor-element-4dc8df7 elementor-section-content-middle elementor-section-full_width elementor-section-height-default elementor-section-height-default\" data-id=\"4dc8df7\" data-element_type=\"section\" data-e-type=\"section\">\n\t\t\t\t\t\t<div class=\"elementor-container elementor-column-gap-default\">\n\t\t\t\t\t<div class=\"elementor-column elementor-col-50 elementor-inner-column elementor-element elementor-element-1c97acc\" data-id=\"1c97acc\" data-element_type=\"column\" data-e-type=\"column\" data-settings=\"{&quot;background_background&quot;:&quot;classic&quot;}\">\n\t\t\t<div class=\"elementor-widget-wrap elementor-element-populated\">\n\t\t\t\t\t\t<div class=\"elementor-element elementor-element-0e0da8b elementor-widget elementor-widget-image\" data-id=\"0e0da8b\" data-element_type=\"widget\" data-e-type=\"widget\" data-widget_type=\"image.default\">\n\t\t\t\t<div class=\"elementor-widget-container\">\n\t\t\t\t\t\t\t\t\t\t\t\t\t\t\t<img decoding=\"async\" width=\"985\" height=\"2560\" src=\"https:\/\/fakinwines.com\/wp-content\/uploads\/2023\/11\/Fakin-Wines-BM-scaled.jpg\" class=\"attachment-full size-full wp-image-3537\" alt=\"Fakin Wines B&amp;M\" srcset=\"https:\/\/fakinwines.com\/wp-content\/uploads\/2023\/11\/Fakin-Wines-BM-scaled.jpg 985w, https:\/\/fakinwines.com\/wp-content\/uploads\/2023\/11\/Fakin-Wines-BM-115x300.jpg 115w, https:\/\/fakinwines.com\/wp-content\/uploads\/2023\/11\/Fakin-Wines-BM-394x1024.jpg 394w, https:\/\/fakinwines.com\/wp-content\/uploads\/2023\/11\/Fakin-Wines-BM-768x1995.jpg 768w, https:\/\/fakinwines.com\/wp-content\/uploads\/2023\/11\/Fakin-Wines-BM-591x1536.jpg 591w, https:\/\/fakinwines.com\/wp-content\/uploads\/2023\/11\/Fakin-Wines-BM-788x2048.jpg 788w\" sizes=\"(max-width: 985px) 100vw, 985px\" \/>\t\t\t\t\t\t\t\t\t\t\t\t\t\t\t<\/div>\n\t\t\t\t<\/div>\n\t\t\t\t\t<\/div>\n\t\t<\/div>\n\t\t\t\t<div class=\"elementor-column elementor-col-50 elementor-inner-column elementor-element elementor-element-ad57ed7\" data-id=\"ad57ed7\" data-element_type=\"column\" data-e-type=\"column\" data-settings=\"{&quot;background_background&quot;:&quot;classic&quot;}\">\n\t\t\t<div class=\"elementor-widget-wrap elementor-element-populated\">\n\t\t\t\t\t\t<div class=\"elementor-element elementor-element-4f34abd elementor-widget elementor-widget-heading\" data-id=\"4f34abd\" data-element_type=\"widget\" data-e-type=\"widget\" data-widget_type=\"heading.default\">\n\t\t\t\t<div class=\"elementor-widget-container\">\n\t\t\t\t\t<h2 class=\"elementor-heading-title elementor-size-default\">FAKIN B&amp;M<\/h2>\t\t\t\t<\/div>\n\t\t\t\t<\/div>\n\t\t\t\t<div class=\"elementor-element elementor-element-d2d09c6 elementor-widget-divider--view-line elementor-widget elementor-widget-divider\" data-id=\"d2d09c6\" data-element_type=\"widget\" data-e-type=\"widget\" data-widget_type=\"divider.default\">\n\t\t\t\t<div class=\"elementor-widget-container\">\n\t\t\t\t\t\t\t<div class=\"elementor-divider\">\n\t\t\t<span class=\"elementor-divider-separator\">\n\t\t\t\t\t\t<\/span>\n\t\t<\/div>\n\t\t\t\t\t\t<\/div>\n\t\t\t\t<\/div>\n\t\t\t\t<div class=\"elementor-element elementor-element-3fd8a14 elementor-widget elementor-widget-text-editor\" data-id=\"3fd8a14\" data-element_type=\"widget\" data-e-type=\"widget\" data-widget_type=\"text-editor.default\">\n\t\t\t\t<div class=\"elementor-widget-container\">\n\t\t\t\t\t\t\t\t\t<p>Fakin B&amp;M is the fourth variation of Teran from the rich cellar of Fakin winery, with the name formed by the initials B and M, representing the first letters of the names of its creators, Bety and Marko Fakin. Teran is the most challenging red variety in Croatia with great potential, and its deep ruby-red color suits its adventurous and fearless character perfectly.<\/p><p>This well-balanced wine, with a full body and no dominant alcohols, is characterized by a brave aftertaste and an ideal balance of smoke and fruity aromas.<\/p><p>B&amp;M originated from the 2011 harvest and is entirely natural but exceptionally rich and unique in taste. Eleven months of maceration and 12 months of aging fill it with attractive earthy and spicy aromas of high extracts.<\/p>\t\t\t\t\t\t\t\t<\/div>\n\t\t\t\t<\/div>\n\t\t\t\t<div class=\"elementor-element elementor-element-181447e elementor-align-left elementor-widget elementor-widget-button\" data-id=\"181447e\" data-element_type=\"widget\" data-e-type=\"widget\" data-widget_type=\"button.default\">\n\t\t\t\t<div class=\"elementor-widget-container\">\n\t\t\t\t\t\t\t\t\t<div class=\"elementor-button-wrapper\">\n\t\t\t\t\t<a class=\"elementor-button elementor-button-link elementor-size-md\" href=\"https:\/\/shop.fakinwines.com\/teran-bm\/\">\n\t\t\t\t\t\t<span class=\"elementor-button-content-wrapper\">\n\t\t\t\t\t\t\t\t\t<span class=\"elementor-button-text\">Buy<\/span>\n\t\t\t\t\t<\/span>\n\t\t\t\t\t<\/a>\n\t\t\t\t<\/div>\n\t\t\t\t\t\t\t\t<\/div>\n\t\t\t\t<\/div>\n\t\t\t\t\t<\/div>\n\t\t<\/div>\n\t\t\t\t\t<\/div>\n\t\t<\/section>\n\t\t\t\t\t<\/div>\n\t\t<\/div>\n\t\t\t\t\t<\/div>\n\t\t<\/section>\n\t\t\t\t<\/div>","protected":false},"excerpt":{"rendered":"<p>Okusi koji o\u017eivljavaju tradiciju i prepoznatljivost FAKIN LIMITED EDITION Kolekcija vina koja nosi prepoznatljiv potpis Fakin Vinarije. Svako vino iz ove bezvremenske kolekcije ima svoj autenti\u010dni karakter i posebnosti koje ih \u010dine jedinstvenima. Ova vina proizvedena su s pa\u017enjom i stra\u0161\u0107u prema vinogradarstvu, koriste\u0107i moderne tehnike i tradicionalne vrijednosti. Fakin Limited Edition predstavlja paletu vina [&hellip;]<\/p>\n","protected":false},"author":1,"featured_media":0,"parent":0,"menu_order":0,"comment_status":"closed","ping_status":"closed","template":"","meta":{"site-sidebar-layout":"no-sidebar","site-content-layout":"page-builder","ast-site-content-layout":"full-width-container","site-content-style":"unboxed","site-sidebar-style":"unboxed","ast-global-header-display":"","ast-banner-title-visibility":"","ast-main-header-display":"","ast-hfb-above-header-display":"","ast-hfb-below-header-display":"","ast-hfb-mobile-header-display":"","site-post-title":"disabled","ast-breadcrumbs-content":"","ast-featured-img":"disabled","footer-sml-layout":"","theme-transparent-header-meta":"enabled","adv-header-id-meta":"","stick-header-meta":"","header-above-stick-meta":"","header-main-stick-meta":"","header-below-stick-meta":"","astra-migrate-meta-layouts":"set","ast-page-background-enabled":"default","ast-page-background-meta":{"desktop":{"background-color":"","background-image":"","background-repeat":"repeat","background-position":"center center","background-size":"auto","background-attachment":"scroll","background-type":"","background-media":"","overlay-type":"","overlay-color":"","overlay-opacity":"","overlay-gradient":""},"tablet":{"background-color":"","background-image":"","background-repeat":"repeat","background-position":"center center","background-size":"auto","background-attachment":"scroll","background-type":"","background-media":"","overlay-type":"","overlay-color":"","overlay-opacity":"","overlay-gradient":""},"mobile":{"background-color":"","background-image":"","background-repeat":"repeat","background-position":"center center","background-size":"auto","background-attachment":"scroll","background-type":"","background-media":"","overlay-type":"","overlay-color":"","overlay-opacity":"","overlay-gradient":""}},"ast-content-background-meta":{"desktop":{"background-color":"var(--ast-global-color-5)","background-image":"","background-repeat":"repeat","background-position":"center center","background-size":"auto","background-attachment":"scroll","background-type":"","background-media":"","overlay-type":"","overlay-color":"","overlay-opacity":"","overlay-gradient":""},"tablet":{"background-color":"var(--ast-global-color-5)","background-image":"","background-repeat":"repeat","background-position":"center center","background-size":"auto","background-attachment":"scroll","background-type":"","background-media":"","overlay-type":"","overlay-color":"","overlay-opacity":"","overlay-gradient":""},"mobile":{"background-color":"var(--ast-global-color-5)","background-image":"","background-repeat":"repeat","background-position":"center center","background-size":"auto","background-attachment":"scroll","background-type":"","background-media":"","overlay-type":"","overlay-color":"","overlay-opacity":"","overlay-gradient":""}},"footnotes":""},"class_list":["post-2525","page","type-page","status-publish","hentry"],"_links":{"self":[{"href":"https:\/\/fakinwines.com\/en\/wp-json\/wp\/v2\/pages\/2525","targetHints":{"allow":["GET"]}}],"collection":[{"href":"https:\/\/fakinwines.com\/en\/wp-json\/wp\/v2\/pages"}],"about":[{"href":"https:\/\/fakinwines.com\/en\/wp-json\/wp\/v2\/types\/page"}],"author":[{"embeddable":true,"href":"https:\/\/fakinwines.com\/en\/wp-json\/wp\/v2\/users\/1"}],"replies":[{"embeddable":true,"href":"https:\/\/fakinwines.com\/en\/wp-json\/wp\/v2\/comments?post=2525"}],"version-history":[{"count":84,"href":"https:\/\/fakinwines.com\/en\/wp-json\/wp\/v2\/pages\/2525\/revisions"}],"predecessor-version":[{"id":3700,"href":"https:\/\/fakinwines.com\/en\/wp-json\/wp\/v2\/pages\/2525\/revisions\/3700"}],"wp:attachment":[{"href":"https:\/\/fakinwines.com\/en\/wp-json\/wp\/v2\/media?parent=2525"}],"curies":[{"name":"wp","href":"https:\/\/api.w.org\/{rel}","templated":true}]}}