{"id":30,"date":"2017-10-06T06:22:45","date_gmt":"2017-10-06T06:22:45","guid":{"rendered":"https:\/\/na-ramenima-divova.com\/contact\/"},"modified":"2025-04-01T18:35:59","modified_gmt":"2025-04-01T18:35:59","slug":"kontakt","status":"publish","type":"page","link":"https:\/\/fakinwines.com\/en\/kontakt\/","title":{"rendered":"Visit us"},"content":{"rendered":"<div data-elementor-type=\"wp-post\" data-elementor-id=\"30\" class=\"elementor elementor-30\">\n\t\t\t\t\t\t<section class=\"elementor-section elementor-top-section elementor-element elementor-element-wqbcjjc elementor-section-boxed elementor-section-height-default elementor-section-height-default\" data-id=\"wqbcjjc\" data-element_type=\"section\" data-e-type=\"section\" data-settings=\"{&quot;background_background&quot;:&quot;classic&quot;}\">\n\t\t\t\t\t\t\t<div class=\"elementor-background-overlay\"><\/div>\n\t\t\t\t\t\t\t<div class=\"elementor-container elementor-column-gap-default\">\n\t\t\t\t\t<div class=\"elementor-column elementor-col-100 elementor-top-column elementor-element elementor-element-jyedxod\" data-id=\"jyedxod\" data-element_type=\"column\" data-e-type=\"column\">\n\t\t\t<div class=\"elementor-widget-wrap elementor-element-populated\">\n\t\t\t\t\t\t<div class=\"elementor-element elementor-element-ljodyym elementor-invisible elementor-widget elementor-widget-heading\" data-id=\"ljodyym\" data-element_type=\"widget\" data-e-type=\"widget\" data-settings=\"{&quot;_animation&quot;:&quot;fadeInUp&quot;,&quot;_animation_delay&quot;:200}\" data-widget_type=\"heading.default\">\n\t\t\t\t<div class=\"elementor-widget-container\">\n\t\t\t\t\t<h1 class=\"elementor-heading-title elementor-size-default\">CONTACT<\/h1>\t\t\t\t<\/div>\n\t\t\t\t<\/div>\n\t\t\t\t<div class=\"elementor-element elementor-element-ugfldfr animated-slow elementor-invisible elementor-widget elementor-widget-text-editor\" data-id=\"ugfldfr\" data-element_type=\"widget\" data-e-type=\"widget\" data-settings=\"{&quot;_animation&quot;:&quot;fadeInUp&quot;}\" data-widget_type=\"text-editor.default\">\n\t\t\t\t<div class=\"elementor-widget-container\">\n\t\t\t\t\t\t\t\t\t<p>The winery is open to visitors year-round, and in addition to wine tastings, various events are organized, such as eno-gastronomic dinners, wine education sessions, and vineyard tours.<\/p>\t\t\t\t\t\t\t\t<\/div>\n\t\t\t\t<\/div>\n\t\t\t\t\t<\/div>\n\t\t<\/div>\n\t\t\t\t\t<\/div>\n\t\t<\/section>\n\t\t\t\t<section class=\"elementor-section elementor-top-section elementor-element elementor-element-kpzckqp elementor-section-boxed elementor-section-height-default elementor-section-height-default\" data-id=\"kpzckqp\" data-element_type=\"section\" data-e-type=\"section\" data-settings=\"{&quot;background_background&quot;:&quot;classic&quot;}\">\n\t\t\t\t\t\t\t<div class=\"elementor-background-overlay\"><\/div>\n\t\t\t\t\t\t\t<div class=\"elementor-container elementor-column-gap-default\">\n\t\t\t\t\t<div class=\"elementor-column elementor-col-100 elementor-top-column elementor-element elementor-element-jy3dpkh\" data-id=\"jy3dpkh\" data-element_type=\"column\" data-e-type=\"column\">\n\t\t\t<div class=\"elementor-widget-wrap elementor-element-populated\">\n\t\t\t\t\t\t<div class=\"elementor-element elementor-element-76c2622 elementor-widget elementor-widget-heading\" data-id=\"76c2622\" data-element_type=\"widget\" data-e-type=\"widget\" data-widget_type=\"heading.default\">\n\t\t\t\t<div class=\"elementor-widget-container\">\n\t\t\t\t\t<h2 class=\"elementor-heading-title elementor-size-default\">Experience the best wines of Istria<\/h2>\t\t\t\t<\/div>\n\t\t\t\t<\/div>\n\t\t\t\t<div class=\"elementor-element elementor-element-eaca5f0 elementor-widget elementor-widget-text-editor\" data-id=\"eaca5f0\" data-element_type=\"widget\" data-e-type=\"widget\" data-widget_type=\"text-editor.default\">\n\t\t\t\t<div class=\"elementor-widget-container\">\n\t\t\t\t\t\t\t\t\t<p>The friendly staff, family atmosphere, and warm welcome at Fakin Winery offer a unique experience for all wine enthusiasts who want to taste top-quality Istrian wines, learn more about the winemaking process, and enjoy the enchanting landscape and beautiful nature.<\/p>\t\t\t\t\t\t\t\t<\/div>\n\t\t\t\t<\/div>\n\t\t\t\t\t<\/div>\n\t\t<\/div>\n\t\t\t\t\t<\/div>\n\t\t<\/section>\n\t\t\t\t<section class=\"elementor-section elementor-top-section elementor-element elementor-element-gilt72k elementor-section-full_width elementor-section-content-middle elementor-section-height-default elementor-section-height-default\" data-id=\"gilt72k\" data-element_type=\"section\" data-e-type=\"section\">\n\t\t\t\t\t\t<div class=\"elementor-container elementor-column-gap-default\">\n\t\t\t\t\t<div class=\"elementor-column elementor-col-33 elementor-top-column elementor-element elementor-element-s0au42i\" data-id=\"s0au42i\" data-element_type=\"column\" data-e-type=\"column\" data-settings=\"{&quot;background_background&quot;:&quot;classic&quot;}\">\n\t\t\t<div class=\"elementor-widget-wrap elementor-element-populated\">\n\t\t\t\t\t\t<div class=\"elementor-element elementor-element-cd89eb9 elementor-widget elementor-widget-image\" data-id=\"cd89eb9\" data-element_type=\"widget\" data-e-type=\"widget\" data-widget_type=\"image.default\">\n\t\t\t\t<div class=\"elementor-widget-container\">\n\t\t\t\t\t\t\t\t\t\t\t\t\t\t\t<img fetchpriority=\"high\" decoding=\"async\" width=\"2500\" height=\"1664\" src=\"https:\/\/fakinwines.com\/wp-content\/uploads\/2023\/06\/fakin-vinarija-motovun-1-3-1.jpg\" class=\"attachment-full size-full wp-image-2441\" alt=\"\" srcset=\"https:\/\/fakinwines.com\/wp-content\/uploads\/2023\/06\/fakin-vinarija-motovun-1-3-1.jpg 2500w, https:\/\/fakinwines.com\/wp-content\/uploads\/2023\/06\/fakin-vinarija-motovun-1-3-1-300x200.jpg 300w, https:\/\/fakinwines.com\/wp-content\/uploads\/2023\/06\/fakin-vinarija-motovun-1-3-1-1024x682.jpg 1024w, https:\/\/fakinwines.com\/wp-content\/uploads\/2023\/06\/fakin-vinarija-motovun-1-3-1-768x511.jpg 768w, https:\/\/fakinwines.com\/wp-content\/uploads\/2023\/06\/fakin-vinarija-motovun-1-3-1-1536x1022.jpg 1536w, https:\/\/fakinwines.com\/wp-content\/uploads\/2023\/06\/fakin-vinarija-motovun-1-3-1-2048x1363.jpg 2048w\" sizes=\"(max-width: 2500px) 100vw, 2500px\" \/>\t\t\t\t\t\t\t\t\t\t\t\t\t\t\t<\/div>\n\t\t\t\t<\/div>\n\t\t\t\t\t<\/div>\n\t\t<\/div>\n\t\t\t\t<div class=\"elementor-column elementor-col-33 elementor-top-column elementor-element elementor-element-8oncs2s\" data-id=\"8oncs2s\" data-element_type=\"column\" data-e-type=\"column\" id=\"rezervacije\" data-settings=\"{&quot;background_background&quot;:&quot;classic&quot;}\">\n\t\t\t<div class=\"elementor-widget-wrap elementor-element-populated\">\n\t\t\t\t\t\t<div class=\"elementor-element elementor-element-b62d17b elementor-widget elementor-widget-heading\" data-id=\"b62d17b\" data-element_type=\"widget\" data-e-type=\"widget\" data-widget_type=\"heading.default\">\n\t\t\t\t<div class=\"elementor-widget-container\">\n\t\t\t\t\t<h2 class=\"elementor-heading-title elementor-size-default\">Contact us<\/h2>\t\t\t\t<\/div>\n\t\t\t\t<\/div>\n\t\t\t\t<div class=\"elementor-element elementor-element-445660d elementor-widget elementor-widget-text-editor\" data-id=\"445660d\" data-element_type=\"widget\" data-e-type=\"widget\" data-widget_type=\"text-editor.default\">\n\t\t\t\t<div class=\"elementor-widget-container\">\n\t\t\t\t\t\t\t\t\t<span style=\"font-weight: 400;\">Marko: +385 (0)92 23 99 400<\/span>\n<br>\n<span style=\"font-weight: 400;\">Bety: +385 (0)92 142 0092<\/span>\n<br>\n<a href=\"mailto:info@fakinwines.com\"><span style=\"font-weight: 400;\">info@fakinwines.com<\/span><\/a>\t\t\t\t\t\t\t\t<\/div>\n\t\t\t\t<\/div>\n\t\t\t\t\t<\/div>\n\t\t<\/div>\n\t\t\t\t<div class=\"elementor-column elementor-col-33 elementor-top-column elementor-element elementor-element-h83n7ua\" data-id=\"h83n7ua\" data-element_type=\"column\" data-e-type=\"column\" id=\"contactMap\" data-settings=\"{&quot;background_background&quot;:&quot;classic&quot;}\">\n\t\t\t<div class=\"elementor-widget-wrap elementor-element-populated\">\n\t\t\t\t\t\t<div class=\"elementor-element elementor-element-c11e1c7 elementor-widget elementor-widget-google_maps\" data-id=\"c11e1c7\" data-element_type=\"widget\" data-e-type=\"widget\" id=\"lokacija\" data-widget_type=\"google_maps.default\">\n\t\t\t\t<div class=\"elementor-widget-container\">\n\t\t\t\t\t\t\t<div class=\"elementor-custom-embed\">\n\t\t\t<iframe loading=\"lazy\"\n\t\t\t\t\tsrc=\"https:\/\/maps.google.com\/maps?q=Fakin%2C%20Bataji%2020a%2C%2052424%2C%20Motovun&#038;t=m&#038;z=14&#038;output=embed&#038;iwloc=near\"\n\t\t\t\t\ttitle=\"Fakin, Bataji 20a, 52424, Motovun\"\n\t\t\t\t\taria-label=\"Fakin, Bataji 20a, 52424, Motovun\"\n\t\t\t><\/iframe>\n\t\t<\/div>\n\t\t\t\t\t\t<\/div>\n\t\t\t\t<\/div>\n\t\t\t\t\t<\/div>\n\t\t<\/div>\n\t\t\t\t\t<\/div>\n\t\t<\/section>\n\t\t\t\t<\/div>","protected":false},"excerpt":{"rendered":"<p>KONTAKT Vinarija je otvorena za posjetitelje tijekom cijele godine, a osim degustacije vina, organiziraju se i razli\u010diti doga\u0111aji, poput eno-gastro ve\u010dera, vinskih edukacija i razgledavanja vinograda. Iskusite najbolja vina Istre Ljubazno osoblje, obiteljska atmosfera i topla dobrodo\u0161lica Vinarije Fakin pru\u017eaju jedinstveno iskustvo za sve ljubitelje vina koji \u017eele probati vrhunska istarska vina i nau\u010diti vi\u0161e [&hellip;]<\/p>\n","protected":false},"author":1,"featured_media":0,"parent":0,"menu_order":0,"comment_status":"closed","ping_status":"closed","template":"","meta":{"site-sidebar-layout":"no-sidebar","site-content-layout":"page-builder","ast-site-content-layout":"full-width-container","site-content-style":"unboxed","site-sidebar-style":"unboxed","ast-global-header-display":"","ast-banner-title-visibility":"","ast-main-header-display":"","ast-hfb-above-header-display":"","ast-hfb-below-header-display":"","ast-hfb-mobile-header-display":"","site-post-title":"disabled","ast-breadcrumbs-content":"","ast-featured-img":"disabled","footer-sml-layout":"","theme-transparent-header-meta":"enabled","adv-header-id-meta":"","stick-header-meta":"","header-above-stick-meta":"","header-main-stick-meta":"","header-below-stick-meta":"","astra-migrate-meta-layouts":"set","ast-page-background-enabled":"default","ast-page-background-meta":{"desktop":{"background-color":"","background-image":"","background-repeat":"repeat","background-position":"center center","background-size":"auto","background-attachment":"scroll","background-type":"","background-media":"","overlay-type":"","overlay-color":"","overlay-opacity":"","overlay-gradient":""},"tablet":{"background-color":"","background-image":"","background-repeat":"repeat","background-position":"center center","background-size":"auto","background-attachment":"scroll","background-type":"","background-media":"","overlay-type":"","overlay-color":"","overlay-opacity":"","overlay-gradient":""},"mobile":{"background-color":"","background-image":"","background-repeat":"repeat","background-position":"center center","background-size":"auto","background-attachment":"scroll","background-type":"","background-media":"","overlay-type":"","overlay-color":"","overlay-opacity":"","overlay-gradient":""}},"ast-content-background-meta":{"desktop":{"background-color":"var(--ast-global-color-5)","background-image":"","background-repeat":"repeat","background-position":"center center","background-size":"auto","background-attachment":"scroll","background-type":"","background-media":"","overlay-type":"","overlay-color":"","overlay-opacity":"","overlay-gradient":""},"tablet":{"background-color":"var(--ast-global-color-5)","background-image":"","background-repeat":"repeat","background-position":"center center","background-size":"auto","background-attachment":"scroll","background-type":"","background-media":"","overlay-type":"","overlay-color":"","overlay-opacity":"","overlay-gradient":""},"mobile":{"background-color":"var(--ast-global-color-5)","background-image":"","background-repeat":"repeat","background-position":"center center","background-size":"auto","background-attachment":"scroll","background-type":"","background-media":"","overlay-type":"","overlay-color":"","overlay-opacity":"","overlay-gradient":""}},"footnotes":""},"class_list":["post-30","page","type-page","status-publish","hentry"],"_links":{"self":[{"href":"https:\/\/fakinwines.com\/en\/wp-json\/wp\/v2\/pages\/30","targetHints":{"allow":["GET"]}}],"collection":[{"href":"https:\/\/fakinwines.com\/en\/wp-json\/wp\/v2\/pages"}],"about":[{"href":"https:\/\/fakinwines.com\/en\/wp-json\/wp\/v2\/types\/page"}],"author":[{"embeddable":true,"href":"https:\/\/fakinwines.com\/en\/wp-json\/wp\/v2\/users\/1"}],"replies":[{"embeddable":true,"href":"https:\/\/fakinwines.com\/en\/wp-json\/wp\/v2\/comments?post=30"}],"version-history":[{"count":61,"href":"https:\/\/fakinwines.com\/en\/wp-json\/wp\/v2\/pages\/30\/revisions"}],"predecessor-version":[{"id":3805,"href":"https:\/\/fakinwines.com\/en\/wp-json\/wp\/v2\/pages\/30\/revisions\/3805"}],"wp:attachment":[{"href":"https:\/\/fakinwines.com\/en\/wp-json\/wp\/v2\/media?parent=30"}],"curies":[{"name":"wp","href":"https:\/\/api.w.org\/{rel}","templated":true}]}}